{"id":28,"date":"2024-05-06T17:20:48","date_gmt":"2024-05-06T15:20:48","guid":{"rendered":"https:\/\/schrauben-schmidt.de\/?page_id=28"},"modified":"2026-04-01T14:32:13","modified_gmt":"2026-04-01T12:32:13","slug":"impressum-2","status":"publish","type":"page","link":"https:\/\/schrauben-schmidt.de\/es\/impressum-2\/","title":{"rendered":"Pie de imprenta"},"content":{"rendered":"<style type=\"text\/css\" data-created_by=\"avia_inline_auto\" id=\"style-css-av-lzmth7by-76c5131fdf54dcbbf46d6aa3c974a537\">\n#top .flex_column.av-lzmth7by-76c5131fdf54dcbbf46d6aa3c974a537{\nmargin-top:75px;\nmargin-bottom:75px;\n}\n.responsive #top #wrap_all .flex_column.av-lzmth7by-76c5131fdf54dcbbf46d6aa3c974a537{\nmargin-top:75px;\nmargin-bottom:75px;\n}\n<\/style>\n<div  class='flex_column av-lzmth7by-76c5131fdf54dcbbf46d6aa3c974a537 av_one_full  avia-builder-el-0  avia-builder-el-no-sibling  first flex_column_div'     ><section  class='av_textblock_section av-lvv3wt9s-895e97e05619043739bac6d0b73af669'   itemscope=\"itemscope\" itemtype=\"https:\/\/schema.org\/CreativeWork\" ><div class='avia_textblock'  itemprop=\"text\" ><h1 class=\"custom-page--tab-headline\">Pie de imprenta<\/h1>\n<p>(Informaci\u00f3n conforme al art\u00edculo 5 de la TMG):<\/p>\n<p><strong>Schraubenfabrik Schmidt GmbH<\/strong><br \/>\nAuf der L\u00f6bke 19<br \/>\n58553 Halver<br \/>\nAlemania<\/p>\n<p>Representado por:<br \/>\nTobias Schmidt, Karsten Trautmann<\/p>\n<p>Contacto:<br \/>\nTel\u00e9fono: +49 2353 9109-0<br \/>\nDirecci\u00f3n de correo electr\u00f3nico:info@schrauben-schmidt.de<\/p>\n<p>Registre su entrada:<br \/>\nInscripci\u00f3n en el registro mercantil, tribunal del registro: Iserlohn<br \/>\nN\u00famero de registro:HRB 4149<br \/>\nN\u00famero de identificaci\u00f3n fiscal:DE815424230<\/p>\n<p>Descargo de responsabilidad:<\/p>\n<p>Responsabilidad por los contenidos<\/p>\n<p>El contenido de nuestro sitio web se ha elaborado con el mayor cuidado. Sin embargo, no podemos asumir ninguna responsabilidad por la exactitud, integridad y actualidad de los contenidos. Como proveedor de servicios, somos responsables de nuestros propios contenidos en estas p\u00e1ginas de acuerdo con el \u00a7 7 p\u00e1rrafo 1 TMG (Ley alemana de Telemedia) y las leyes generales. Sin embargo, seg\u00fan los \u00a7\u00a7 8 a 10 de la TMG, como proveedor de servicios no estamos obligados a controlar la informaci\u00f3n ajena transmitida o almacenada ni a investigar circunstancias que indiquen una actividad ilegal. Esto no afecta a las obligaciones de eliminar o bloquear el uso de informaci\u00f3n de conformidad con la legislaci\u00f3n general. Sin embargo, la responsabilidad a este respecto s\u00f3lo es posible a partir del momento en que se tiene conocimiento de una infracci\u00f3n concreta. En cuanto tengamos conocimiento de tales infracciones, eliminaremos inmediatamente estos contenidos.<\/p>\n<p>Responsabilidad de los enlaces<\/p>\n<p>Nuestro sitio web contiene enlaces a sitios web externos de terceros sobre cuyo contenido no tenemos ninguna influencia. Por lo tanto, no podemos aceptar ninguna responsabilidad por este contenido de terceros. El respectivo proveedor u operador de las p\u00e1ginas es siempre responsable del contenido de las p\u00e1ginas enlazadas. Las p\u00e1ginas enlazadas fueron revisadas en el momento de su vinculaci\u00f3n para detectar posibles infracciones legales. En el momento de establecer el enlace no se detectaron contenidos ilegales. Sin embargo, no es razonable un control permanente del contenido de las p\u00e1ginas enlazadas sin pruebas concretas de una infracci\u00f3n. Si tenemos conocimiento de alguna infracci\u00f3n legal, eliminaremos dichos enlaces inmediatamente.<\/p>\n<p>Copyright<\/p>\n<p>Los contenidos y obras creados por los operadores de estas p\u00e1ginas est\u00e1n sujetos a la legislaci\u00f3n alemana sobre derechos de autor. La reproducci\u00f3n, el procesamiento, la distribuci\u00f3n y cualquier tipo de utilizaci\u00f3n fuera de los l\u00edmites de la ley de derechos de autor requieren el consentimiento por escrito del autor o creador correspondiente. Las descargas y copias de este sitio s\u00f3lo est\u00e1n permitidas para uso privado y no comercial. En la medida en que el contenido de este sitio no haya sido creado por el operador, se respetan los derechos de autor de terceros. En particular, los contenidos de terceros est\u00e1n etiquetados como tales. No obstante, si tiene conocimiento de una infracci\u00f3n de los derechos de autor, le rogamos que nos lo comunique. Si tenemos conocimiento de alguna infracci\u00f3n, eliminaremos inmediatamente dicho contenido.<\/p>\n<p>Resoluci\u00f3n de litigios en l\u00ednea:<\/p>\n<p>La Comisi\u00f3n Europea ofrece una plataforma de resoluci\u00f3n de litigios en l\u00ednea en https:\/\/ec.europa.eu\/consumers\/odr\/, que los consumidores pueden utilizar para resolver un litigio y donde pueden encontrar m\u00e1s informaci\u00f3n sobre la resoluci\u00f3n de litigios.<\/p>\n<p>Resoluci\u00f3n extrajudicial de litigios:<\/p>\n<p>No estamos obligados ni dispuestos a participar en un procedimiento de resoluci\u00f3n de conflictos ante una junta de arbitraje de consumo en caso de litigio con un consumidor.<\/p>\n<\/div><\/section><\/div>","protected":false},"excerpt":{"rendered":"","protected":false},"author":4,"featured_media":0,"parent":0,"menu_order":107,"comment_status":"closed","ping_status":"closed","template":"","meta":{"footnotes":""},"class_list":["post-28","page","type-page","status-publish","hentry"],"yoast_head":"<!-- This site is optimized with the Yoast SEO plugin v23.7 - https:\/\/yoast.com\/wordpress\/plugins\/seo\/ -->\n<title>Impressum - Schraubenfabrik Schmidt GmbH<\/title>\n<meta name=\"robots\" content=\"index, follow, max-snippet:-1, max-image-preview:large, max-video-preview:-1\" \/>\n<link rel=\"canonical\" href=\"https:\/\/schrauben-schmidt.de\/es\/impressum-2\/\" \/>\n<meta property=\"og:locale\" content=\"es_ES\" \/>\n<meta property=\"og:type\" content=\"article\" \/>\n<meta property=\"og:title\" content=\"Impressum - Schraubenfabrik Schmidt GmbH\" \/>\n<meta property=\"og:url\" content=\"https:\/\/schrauben-schmidt.de\/es\/impressum-2\/\" \/>\n<meta property=\"og:site_name\" content=\"Schraubenfabrik Schmidt GmbH\" \/>\n<meta property=\"article:modified_time\" content=\"2026-04-01T12:32:13+00:00\" \/>\n<meta name=\"twitter:card\" content=\"summary_large_image\" \/>\n<meta name=\"twitter:label1\" content=\"Tiempo de lectura\" \/>\n\t<meta name=\"twitter:data1\" content=\"3 minutos\" \/>\n<script type=\"application\/ld+json\" class=\"yoast-schema-graph\">{\"@context\":\"https:\/\/schema.org\",\"@graph\":[{\"@type\":\"WebPage\",\"@id\":\"https:\/\/schrauben-schmidt.de\/impressum-2\/\",\"url\":\"https:\/\/schrauben-schmidt.de\/impressum-2\/\",\"name\":\"Impressum - Schraubenfabrik Schmidt GmbH\",\"isPartOf\":{\"@id\":\"https:\/\/schrauben-schmidt.de\/#website\"},\"datePublished\":\"2024-05-06T15:20:48+00:00\",\"dateModified\":\"2026-04-01T12:32:13+00:00\",\"breadcrumb\":{\"@id\":\"https:\/\/schrauben-schmidt.de\/impressum-2\/#breadcrumb\"},\"inLanguage\":\"es\",\"potentialAction\":[{\"@type\":\"ReadAction\",\"target\":[\"https:\/\/schrauben-schmidt.de\/impressum-2\/\"]}]},{\"@type\":\"BreadcrumbList\",\"@id\":\"https:\/\/schrauben-schmidt.de\/impressum-2\/#breadcrumb\",\"itemListElement\":[{\"@type\":\"ListItem\",\"position\":1,\"name\":\"Startseite\",\"item\":\"https:\/\/schrauben-schmidt.de\/\"},{\"@type\":\"ListItem\",\"position\":2,\"name\":\"Impressum\"}]},{\"@type\":\"WebSite\",\"@id\":\"https:\/\/schrauben-schmidt.de\/#website\",\"url\":\"https:\/\/schrauben-schmidt.de\/\",\"name\":\"Schraubenfabrik Schmidt GmbH\",\"description\":\"DIN-\/ISO-Schrauben und Sonderanfertigungen aus Halver\",\"publisher\":{\"@id\":\"https:\/\/schrauben-schmidt.de\/#organization\"},\"potentialAction\":[{\"@type\":\"SearchAction\",\"target\":{\"@type\":\"EntryPoint\",\"urlTemplate\":\"https:\/\/schrauben-schmidt.de\/?s={search_term_string}\"},\"query-input\":{\"@type\":\"PropertyValueSpecification\",\"valueRequired\":true,\"valueName\":\"search_term_string\"}}],\"inLanguage\":\"es\"},{\"@type\":\"Organization\",\"@id\":\"https:\/\/schrauben-schmidt.de\/#organization\",\"name\":\"Schraubenfabrik Schmidt GmbH\",\"url\":\"https:\/\/schrauben-schmidt.de\/\",\"logo\":{\"@type\":\"ImageObject\",\"inLanguage\":\"es\",\"@id\":\"https:\/\/schrauben-schmidt.de\/#\/schema\/logo\/image\/\",\"url\":\"https:\/\/dev.schrauben-schmidt.de\/wp-content\/uploads\/2024\/05\/SFS-logo-INT-coloured-light-background-RGB.png\",\"contentUrl\":\"https:\/\/dev.schrauben-schmidt.de\/wp-content\/uploads\/2024\/05\/SFS-logo-INT-coloured-light-background-RGB.png\",\"width\":1251,\"height\":2084,\"caption\":\"Schraubenfabrik Schmidt GmbH\"},\"image\":{\"@id\":\"https:\/\/schrauben-schmidt.de\/#\/schema\/logo\/image\/\"}}]}<\/script>\n<!-- \/ Yoast SEO plugin. -->","yoast_head_json":{"title":"Impressum - Schraubenfabrik Schmidt GmbH","robots":{"index":"index","follow":"follow","max-snippet":"max-snippet:-1","max-image-preview":"max-image-preview:large","max-video-preview":"max-video-preview:-1"},"canonical":"https:\/\/schrauben-schmidt.de\/es\/impressum-2\/","og_locale":"es_ES","og_type":"article","og_title":"Impressum - Schraubenfabrik Schmidt GmbH","og_url":"https:\/\/schrauben-schmidt.de\/es\/impressum-2\/","og_site_name":"Schraubenfabrik Schmidt GmbH","article_modified_time":"2026-04-01T12:32:13+00:00","twitter_card":"summary_large_image","twitter_misc":{"Tiempo de lectura":"3 minutos"},"schema":{"@context":"https:\/\/schema.org","@graph":[{"@type":"WebPage","@id":"https:\/\/schrauben-schmidt.de\/impressum-2\/","url":"https:\/\/schrauben-schmidt.de\/impressum-2\/","name":"Impressum - Schraubenfabrik Schmidt GmbH","isPartOf":{"@id":"https:\/\/schrauben-schmidt.de\/#website"},"datePublished":"2024-05-06T15:20:48+00:00","dateModified":"2026-04-01T12:32:13+00:00","breadcrumb":{"@id":"https:\/\/schrauben-schmidt.de\/impressum-2\/#breadcrumb"},"inLanguage":"es","potentialAction":[{"@type":"ReadAction","target":["https:\/\/schrauben-schmidt.de\/impressum-2\/"]}]},{"@type":"BreadcrumbList","@id":"https:\/\/schrauben-schmidt.de\/impressum-2\/#breadcrumb","itemListElement":[{"@type":"ListItem","position":1,"name":"Startseite","item":"https:\/\/schrauben-schmidt.de\/"},{"@type":"ListItem","position":2,"name":"Impressum"}]},{"@type":"WebSite","@id":"https:\/\/schrauben-schmidt.de\/#website","url":"https:\/\/schrauben-schmidt.de\/","name":"Schraubenfabrik Schmidt GmbH","description":"DIN-\/ISO-Schrauben und Sonderanfertigungen aus Halver","publisher":{"@id":"https:\/\/schrauben-schmidt.de\/#organization"},"potentialAction":[{"@type":"SearchAction","target":{"@type":"EntryPoint","urlTemplate":"https:\/\/schrauben-schmidt.de\/?s={search_term_string}"},"query-input":{"@type":"PropertyValueSpecification","valueRequired":true,"valueName":"search_term_string"}}],"inLanguage":"es"},{"@type":"Organization","@id":"https:\/\/schrauben-schmidt.de\/#organization","name":"Schraubenfabrik Schmidt GmbH","url":"https:\/\/schrauben-schmidt.de\/","logo":{"@type":"ImageObject","inLanguage":"es","@id":"https:\/\/schrauben-schmidt.de\/#\/schema\/logo\/image\/","url":"https:\/\/dev.schrauben-schmidt.de\/wp-content\/uploads\/2024\/05\/SFS-logo-INT-coloured-light-background-RGB.png","contentUrl":"https:\/\/dev.schrauben-schmidt.de\/wp-content\/uploads\/2024\/05\/SFS-logo-INT-coloured-light-background-RGB.png","width":1251,"height":2084,"caption":"Schraubenfabrik Schmidt GmbH"},"image":{"@id":"https:\/\/schrauben-schmidt.de\/#\/schema\/logo\/image\/"}}]}},"_links":{"self":[{"href":"https:\/\/schrauben-schmidt.de\/es\/wp-json\/wp\/v2\/pages\/28","targetHints":{"allow":["GET"]}}],"collection":[{"href":"https:\/\/schrauben-schmidt.de\/es\/wp-json\/wp\/v2\/pages"}],"about":[{"href":"https:\/\/schrauben-schmidt.de\/es\/wp-json\/wp\/v2\/types\/page"}],"author":[{"embeddable":true,"href":"https:\/\/schrauben-schmidt.de\/es\/wp-json\/wp\/v2\/users\/4"}],"replies":[{"embeddable":true,"href":"https:\/\/schrauben-schmidt.de\/es\/wp-json\/wp\/v2\/comments?post=28"}],"version-history":[{"count":8,"href":"https:\/\/schrauben-schmidt.de\/es\/wp-json\/wp\/v2\/pages\/28\/revisions"}],"predecessor-version":[{"id":4899,"href":"https:\/\/schrauben-schmidt.de\/es\/wp-json\/wp\/v2\/pages\/28\/revisions\/4899"}],"wp:attachment":[{"href":"https:\/\/schrauben-schmidt.de\/es\/wp-json\/wp\/v2\/media?parent=28"}],"curies":[{"name":"wp","href":"https:\/\/api.w.org\/{rel}","templated":true}]}}