{"id":28,"date":"2024-05-06T17:20:48","date_gmt":"2024-05-06T15:20:48","guid":{"rendered":"https:\/\/schrauben-schmidt.de\/?page_id=28"},"modified":"2026-04-01T14:32:13","modified_gmt":"2026-04-01T12:32:13","slug":"impressum-2","status":"publish","type":"page","link":"https:\/\/schrauben-schmidt.de\/fr\/impressum-2\/","title":{"rendered":"Mentions l\u00e9gales"},"content":{"rendered":"<style type=\"text\/css\" data-created_by=\"avia_inline_auto\" id=\"style-css-av-lzmth7by-76c5131fdf54dcbbf46d6aa3c974a537\">\n#top .flex_column.av-lzmth7by-76c5131fdf54dcbbf46d6aa3c974a537{\nmargin-top:75px;\nmargin-bottom:75px;\n}\n.responsive #top #wrap_all .flex_column.av-lzmth7by-76c5131fdf54dcbbf46d6aa3c974a537{\nmargin-top:75px;\nmargin-bottom:75px;\n}\n<\/style>\n<div  class='flex_column av-lzmth7by-76c5131fdf54dcbbf46d6aa3c974a537 av_one_full  avia-builder-el-0  avia-builder-el-no-sibling  first flex_column_div'     ><section  class='av_textblock_section av-lvv3wt9s-895e97e05619043739bac6d0b73af669'   itemscope=\"itemscope\" itemtype=\"https:\/\/schema.org\/CreativeWork\" ><div class='avia_textblock'  itemprop=\"text\" ><h1 class=\"custom-page--tab-headline\">Mentions l\u00e9gales<\/h1>\n<p>(Informations selon \u00a7 5 TMG) :<\/p>\n<p><strong>Schraubenfabrik Schmidt GmbH<\/strong><br \/>\nAuf der L\u00f6bke 19<br \/>\n58553 Halver<br \/>\nAllemagne<\/p>\n<p>Repr\u00e9sent\u00e9 par :<br \/>\nTobias Schmidt, Karsten Trautmann<\/p>\n<p>Contact :<br \/>\nT\u00e9l\u00e9phone : +49 2353 9109-0<br \/>\nAdresse \u00e9lectronique :info@schrauben-schmidt.de<\/p>\n<p>Inscription dans le registre:<br \/>\nInscription au registre du commerce, tribunal d'enregistrement : Iserlohn<br \/>\nNum\u00e9ro d'enregistrement:HRB 4149<br \/>\nNum\u00e9ro de TVA:DE815424230<\/p>\n<p>Clause de non-responsabilit\u00e9:<\/p>\n<p>Responsabilit\u00e9 du contenu<\/p>\n<p>Le contenu de nos pages a \u00e9t\u00e9 \u00e9labor\u00e9 avec le plus grand soin. Nous ne pouvons toutefois pas garantir l'exactitude, l'exhaustivit\u00e9 et l'actualit\u00e9 des contenus. En tant que prestataire de services, nous sommes responsables, conform\u00e9ment au \u00a7 7 alin\u00e9a 1 de la loi allemande sur les t\u00e9l\u00e9m\u00e9dias (TMG), de nos propres contenus sur ces pages selon les lois g\u00e9n\u00e9rales. Selon les \u00a7\u00a7 8 \u00e0 10 de la TMG, nous ne sommes toutefois pas tenus, en tant que prestataire de services, de surveiller les informations externes transmises ou enregistr\u00e9es ou de rechercher les circonstances qui indiquent une activit\u00e9 ill\u00e9gale. Les obligations de supprimer ou de bloquer l'utilisation d'informations conform\u00e9ment aux lois g\u00e9n\u00e9rales ne sont pas affect\u00e9es par cette disposition. Une responsabilit\u00e9 \u00e0 cet \u00e9gard n'est toutefois possible qu'\u00e0 partir du moment o\u00f9 une violation concr\u00e8te de la loi est connue. D\u00e8s la prise de connaissance d'une telle violation, nous supprimerons imm\u00e9diatement les contenus concern\u00e9s.<\/p>\n<p>Responsabilit\u00e9 pour les liens<\/p>\n<p>Notre offre contient des liens vers des sites web externes de tiers, sur le contenu desquels nous n'avons aucune influence. C'est pourquoi nous ne pouvons pas non plus nous porter garants de ces contenus externes. Le fournisseur ou l'exploitant des pages li\u00e9es est toujours responsable de leur contenu. Les pages li\u00e9es ont \u00e9t\u00e9 contr\u00f4l\u00e9es au moment de la cr\u00e9ation du lien afin de v\u00e9rifier qu'elles ne pr\u00e9sentaient pas d'infraction \u00e0 la loi. Aucun contenu ill\u00e9gal n'a \u00e9t\u00e9 identifi\u00e9 au moment de la cr\u00e9ation du lien. Un contr\u00f4le permanent du contenu des pages li\u00e9es n'est toutefois pas exigible sans indices concrets d'une violation de la loi. Si nous prenons connaissance d'une violation de la loi, nous supprimerons imm\u00e9diatement les liens concern\u00e9s.<\/p>\n<p>Copyright<\/p>\n<p>Les contenus et \u0153uvres cr\u00e9\u00e9s par les exploitants de ces pages sont soumis au droit d'auteur allemand. La reproduction, le traitement, la diffusion et toute forme d'exploitation en dehors des limites du droit d'auteur requi\u00e8rent l'accord \u00e9crit de l'auteur ou du cr\u00e9ateur concern\u00e9. Les t\u00e9l\u00e9chargements et les copies de ce site ne sont autoris\u00e9s que pour un usage priv\u00e9 et non commercial. Dans la mesure o\u00f9 les contenus de ce site n'ont pas \u00e9t\u00e9 cr\u00e9\u00e9s par l'exploitant, les droits d'auteur de tiers sont respect\u00e9s. Les contenus de tiers sont notamment identifi\u00e9s comme tels. Si vous deviez n\u00e9anmoins constater une violation des droits d'auteur, nous vous prions de nous en informer. D\u00e8s la prise de connaissance d'une violation de la loi, nous supprimerons imm\u00e9diatement les contenus concern\u00e9s.<\/p>\n<p>R\u00e8glement des litiges en ligne:<\/p>\n<p>La Commission europ\u00e9enne met \u00e0 disposition une plateforme de r\u00e8glement en ligne des litiges \u00e0 l'adresse https:\/\/ec.europa.eu\/consumers\/odr\/, que les consommateurs peuvent utiliser pour r\u00e9soudre un litige et sur laquelle ils trouveront de plus amples informations sur le r\u00e8glement des litiges.<\/p>\n<p>R\u00e8glement extrajudiciaire des litiges :<\/p>\n<p>Nous ne sommes ni oblig\u00e9s ni dispos\u00e9s \u00e0 participer \u00e0 une proc\u00e9dure de r\u00e8glement des litiges devant un organisme de conciliation des consommateurs en cas de litige avec un consommateur.<\/p>\n<\/div><\/section><\/div>","protected":false},"excerpt":{"rendered":"","protected":false},"author":4,"featured_media":0,"parent":0,"menu_order":107,"comment_status":"closed","ping_status":"closed","template":"","meta":{"footnotes":""},"class_list":["post-28","page","type-page","status-publish","hentry"],"yoast_head":"<!-- This site is optimized with the Yoast SEO plugin v23.7 - https:\/\/yoast.com\/wordpress\/plugins\/seo\/ -->\n<title>Impressum - Schraubenfabrik Schmidt GmbH<\/title>\n<meta name=\"robots\" content=\"index, follow, max-snippet:-1, max-image-preview:large, max-video-preview:-1\" \/>\n<link rel=\"canonical\" href=\"https:\/\/schrauben-schmidt.de\/fr\/impressum-2\/\" \/>\n<meta property=\"og:locale\" content=\"fr_FR\" \/>\n<meta property=\"og:type\" content=\"article\" \/>\n<meta property=\"og:title\" content=\"Impressum - Schraubenfabrik Schmidt GmbH\" \/>\n<meta property=\"og:url\" content=\"https:\/\/schrauben-schmidt.de\/fr\/impressum-2\/\" \/>\n<meta property=\"og:site_name\" content=\"Schraubenfabrik Schmidt GmbH\" \/>\n<meta property=\"article:modified_time\" content=\"2026-04-01T12:32:13+00:00\" \/>\n<meta name=\"twitter:card\" content=\"summary_large_image\" \/>\n<meta name=\"twitter:label1\" content=\"Dur\u00e9e de lecture estim\u00e9e\" \/>\n\t<meta name=\"twitter:data1\" content=\"3 minutes\" \/>\n<script type=\"application\/ld+json\" class=\"yoast-schema-graph\">{\"@context\":\"https:\/\/schema.org\",\"@graph\":[{\"@type\":\"WebPage\",\"@id\":\"https:\/\/schrauben-schmidt.de\/impressum-2\/\",\"url\":\"https:\/\/schrauben-schmidt.de\/impressum-2\/\",\"name\":\"Impressum - Schraubenfabrik Schmidt GmbH\",\"isPartOf\":{\"@id\":\"https:\/\/schrauben-schmidt.de\/#website\"},\"datePublished\":\"2024-05-06T15:20:48+00:00\",\"dateModified\":\"2026-04-01T12:32:13+00:00\",\"breadcrumb\":{\"@id\":\"https:\/\/schrauben-schmidt.de\/impressum-2\/#breadcrumb\"},\"inLanguage\":\"fr-FR\",\"potentialAction\":[{\"@type\":\"ReadAction\",\"target\":[\"https:\/\/schrauben-schmidt.de\/impressum-2\/\"]}]},{\"@type\":\"BreadcrumbList\",\"@id\":\"https:\/\/schrauben-schmidt.de\/impressum-2\/#breadcrumb\",\"itemListElement\":[{\"@type\":\"ListItem\",\"position\":1,\"name\":\"Startseite\",\"item\":\"https:\/\/schrauben-schmidt.de\/\"},{\"@type\":\"ListItem\",\"position\":2,\"name\":\"Impressum\"}]},{\"@type\":\"WebSite\",\"@id\":\"https:\/\/schrauben-schmidt.de\/#website\",\"url\":\"https:\/\/schrauben-schmidt.de\/\",\"name\":\"Schraubenfabrik Schmidt GmbH\",\"description\":\"DIN-\/ISO-Schrauben und Sonderanfertigungen aus Halver\",\"publisher\":{\"@id\":\"https:\/\/schrauben-schmidt.de\/#organization\"},\"potentialAction\":[{\"@type\":\"SearchAction\",\"target\":{\"@type\":\"EntryPoint\",\"urlTemplate\":\"https:\/\/schrauben-schmidt.de\/?s={search_term_string}\"},\"query-input\":{\"@type\":\"PropertyValueSpecification\",\"valueRequired\":true,\"valueName\":\"search_term_string\"}}],\"inLanguage\":\"fr-FR\"},{\"@type\":\"Organization\",\"@id\":\"https:\/\/schrauben-schmidt.de\/#organization\",\"name\":\"Schraubenfabrik Schmidt GmbH\",\"url\":\"https:\/\/schrauben-schmidt.de\/\",\"logo\":{\"@type\":\"ImageObject\",\"inLanguage\":\"fr-FR\",\"@id\":\"https:\/\/schrauben-schmidt.de\/#\/schema\/logo\/image\/\",\"url\":\"https:\/\/dev.schrauben-schmidt.de\/wp-content\/uploads\/2024\/05\/SFS-logo-INT-coloured-light-background-RGB.png\",\"contentUrl\":\"https:\/\/dev.schrauben-schmidt.de\/wp-content\/uploads\/2024\/05\/SFS-logo-INT-coloured-light-background-RGB.png\",\"width\":1251,\"height\":2084,\"caption\":\"Schraubenfabrik Schmidt GmbH\"},\"image\":{\"@id\":\"https:\/\/schrauben-schmidt.de\/#\/schema\/logo\/image\/\"}}]}<\/script>\n<!-- \/ Yoast SEO plugin. -->","yoast_head_json":{"title":"Impressum - Schraubenfabrik Schmidt GmbH","robots":{"index":"index","follow":"follow","max-snippet":"max-snippet:-1","max-image-preview":"max-image-preview:large","max-video-preview":"max-video-preview:-1"},"canonical":"https:\/\/schrauben-schmidt.de\/fr\/impressum-2\/","og_locale":"fr_FR","og_type":"article","og_title":"Impressum - Schraubenfabrik Schmidt GmbH","og_url":"https:\/\/schrauben-schmidt.de\/fr\/impressum-2\/","og_site_name":"Schraubenfabrik Schmidt GmbH","article_modified_time":"2026-04-01T12:32:13+00:00","twitter_card":"summary_large_image","twitter_misc":{"Dur\u00e9e de lecture estim\u00e9e":"3 minutes"},"schema":{"@context":"https:\/\/schema.org","@graph":[{"@type":"WebPage","@id":"https:\/\/schrauben-schmidt.de\/impressum-2\/","url":"https:\/\/schrauben-schmidt.de\/impressum-2\/","name":"Impressum - Schraubenfabrik Schmidt GmbH","isPartOf":{"@id":"https:\/\/schrauben-schmidt.de\/#website"},"datePublished":"2024-05-06T15:20:48+00:00","dateModified":"2026-04-01T12:32:13+00:00","breadcrumb":{"@id":"https:\/\/schrauben-schmidt.de\/impressum-2\/#breadcrumb"},"inLanguage":"fr-FR","potentialAction":[{"@type":"ReadAction","target":["https:\/\/schrauben-schmidt.de\/impressum-2\/"]}]},{"@type":"BreadcrumbList","@id":"https:\/\/schrauben-schmidt.de\/impressum-2\/#breadcrumb","itemListElement":[{"@type":"ListItem","position":1,"name":"Startseite","item":"https:\/\/schrauben-schmidt.de\/"},{"@type":"ListItem","position":2,"name":"Impressum"}]},{"@type":"WebSite","@id":"https:\/\/schrauben-schmidt.de\/#website","url":"https:\/\/schrauben-schmidt.de\/","name":"Schraubenfabrik Schmidt GmbH","description":"DIN-\/ISO-Schrauben und Sonderanfertigungen aus Halver","publisher":{"@id":"https:\/\/schrauben-schmidt.de\/#organization"},"potentialAction":[{"@type":"SearchAction","target":{"@type":"EntryPoint","urlTemplate":"https:\/\/schrauben-schmidt.de\/?s={search_term_string}"},"query-input":{"@type":"PropertyValueSpecification","valueRequired":true,"valueName":"search_term_string"}}],"inLanguage":"fr-FR"},{"@type":"Organization","@id":"https:\/\/schrauben-schmidt.de\/#organization","name":"Schraubenfabrik Schmidt GmbH","url":"https:\/\/schrauben-schmidt.de\/","logo":{"@type":"ImageObject","inLanguage":"fr-FR","@id":"https:\/\/schrauben-schmidt.de\/#\/schema\/logo\/image\/","url":"https:\/\/dev.schrauben-schmidt.de\/wp-content\/uploads\/2024\/05\/SFS-logo-INT-coloured-light-background-RGB.png","contentUrl":"https:\/\/dev.schrauben-schmidt.de\/wp-content\/uploads\/2024\/05\/SFS-logo-INT-coloured-light-background-RGB.png","width":1251,"height":2084,"caption":"Schraubenfabrik Schmidt GmbH"},"image":{"@id":"https:\/\/schrauben-schmidt.de\/#\/schema\/logo\/image\/"}}]}},"_links":{"self":[{"href":"https:\/\/schrauben-schmidt.de\/fr\/wp-json\/wp\/v2\/pages\/28","targetHints":{"allow":["GET"]}}],"collection":[{"href":"https:\/\/schrauben-schmidt.de\/fr\/wp-json\/wp\/v2\/pages"}],"about":[{"href":"https:\/\/schrauben-schmidt.de\/fr\/wp-json\/wp\/v2\/types\/page"}],"author":[{"embeddable":true,"href":"https:\/\/schrauben-schmidt.de\/fr\/wp-json\/wp\/v2\/users\/4"}],"replies":[{"embeddable":true,"href":"https:\/\/schrauben-schmidt.de\/fr\/wp-json\/wp\/v2\/comments?post=28"}],"version-history":[{"count":8,"href":"https:\/\/schrauben-schmidt.de\/fr\/wp-json\/wp\/v2\/pages\/28\/revisions"}],"predecessor-version":[{"id":4899,"href":"https:\/\/schrauben-schmidt.de\/fr\/wp-json\/wp\/v2\/pages\/28\/revisions\/4899"}],"wp:attachment":[{"href":"https:\/\/schrauben-schmidt.de\/fr\/wp-json\/wp\/v2\/media?parent=28"}],"curies":[{"name":"wp","href":"https:\/\/api.w.org\/{rel}","templated":true}]}}