{"id":384,"date":"2024-05-22T10:02:48","date_gmt":"2024-05-22T08:02:48","guid":{"rendered":"https:\/\/schrauben-schmidt.de\/?page_id=384"},"modified":"2024-10-28T11:14:32","modified_gmt":"2024-10-28T10:14:32","slug":"historie","status":"publish","type":"page","link":"https:\/\/schrauben-schmidt.de\/fr\/unternehmen\/historie\/","title":{"rendered":"Historique"},"content":{"rendered":"<div id='full_slider_1'  class='avia-fullwidth-slider main_color avia-shadow   avia-builder-el-0  el_before_av_one_full  avia-builder-el-first   container_wrap sidebar_right'  ><div  class='avia-slideshow av-lw0nsmqg-11368395e1140f0bc0f3114266e059f1 avia-slideshow-featured av_slideshow_full avia-slide-slider av-slideshow-ui av-control-default av-slideshow-manual av-loop-once av-loop-manual-endless av-default-height-applied   avia-slideshow-1' data-slideshow-options=\"{&quot;animation&quot;:&quot;slide&quot;,&quot;autoplay&quot;:false,&quot;loop_autoplay&quot;:&quot;once&quot;,&quot;interval&quot;:5,&quot;loop_manual&quot;:&quot;manual-endless&quot;,&quot;autoplay_stopper&quot;:false,&quot;noNavigation&quot;:false,&quot;bg_slider&quot;:false,&quot;keep_padding&quot;:false,&quot;hoverpause&quot;:false,&quot;show_slide_delay&quot;:0}\"  itemprop=\"image\" itemscope=\"itemscope\" itemtype=\"https:\/\/schema.org\/ImageObject\" ><ul class='avia-slideshow-inner' style='padding-bottom: 18.333333333333%;'><li  class='avia-slideshow-slide av-lw0nsmqg-11368395e1140f0bc0f3114266e059f1__0  av-single-slide slide-1 slide-odd'><div data-rel='slideshow-1' class='avia-slide-wrap'   ><img decoding=\"async\" fetchpriority=\"high\" class=\"wp-image-1745 avia-img-lazy-loading-not-1745\"  src=\"https:\/\/schrauben-schmidt.de\/wp-content\/uploads\/2024\/08\/SFS-Gebaeude-Nacht-edited-1200-220.jpg\" width=\"1200\" height=\"220\" title='SFS-Gebaeude-Nacht-edited-1200-220' alt=''  itemprop=\"thumbnailUrl\" srcset=\"https:\/\/schrauben-schmidt.de\/wp-content\/uploads\/2024\/08\/SFS-Gebaeude-Nacht-edited-1200-220.jpg 1200w, https:\/\/schrauben-schmidt.de\/wp-content\/uploads\/2024\/08\/SFS-Gebaeude-Nacht-edited-1200-220-300x55.jpg 300w, https:\/\/schrauben-schmidt.de\/wp-content\/uploads\/2024\/08\/SFS-Gebaeude-Nacht-edited-1200-220-1030x189.jpg 1030w, https:\/\/schrauben-schmidt.de\/wp-content\/uploads\/2024\/08\/SFS-Gebaeude-Nacht-edited-1200-220-768x141.jpg 768w, https:\/\/schrauben-schmidt.de\/wp-content\/uploads\/2024\/08\/SFS-Gebaeude-Nacht-edited-1200-220-705x129.jpg 705w\" sizes=\"(max-width: 1200px) 100vw, 1200px\" \/><\/div><\/li><\/ul><\/div><\/div><div id='after_full_slider_1'  class='main_color av_default_container_wrap container_wrap sidebar_right'  ><div class='container av-section-cont-open' ><div class='template-page content  av-content-small alpha units'><div class='post-entry post-entry-type-page post-entry-384'><div class='entry-content-wrapper clearfix'>\n\n<style type=\"text\/css\" data-created_by=\"avia_inline_auto\" id=\"style-css-av-13xr9-51e5ca6e5a0027ac5957472a1d75f4ed\">\n#top .flex_column.av-13xr9-51e5ca6e5a0027ac5957472a1d75f4ed{\nmargin-top:30px;\nmargin-bottom:0px;\n}\n.responsive #top #wrap_all .flex_column.av-13xr9-51e5ca6e5a0027ac5957472a1d75f4ed{\nmargin-top:30px;\nmargin-bottom:0px;\n}\n<\/style>\n<div  class='flex_column av-13xr9-51e5ca6e5a0027ac5957472a1d75f4ed av_one_full  avia-builder-el-1  el_after_av_slideshow_full  el_before_av_one_full  avia-builder-el-first  first flex_column_div'     ><style type=\"text\/css\" data-created_by=\"avia_inline_auto\" id=\"style-css-av-lw0oa6fa-d729d41b7fc08f1fb9345f0654ffcace\">\n#top .av-special-heading.av-lw0oa6fa-d729d41b7fc08f1fb9345f0654ffcace{\nmargin:75px 0 0 0;\npadding-bottom:10px;\n}\nbody .av-special-heading.av-lw0oa6fa-d729d41b7fc08f1fb9345f0654ffcace .av-special-heading-tag .heading-char{\nfont-size:25px;\n}\n.av-special-heading.av-lw0oa6fa-d729d41b7fc08f1fb9345f0654ffcace .av-subheading{\nfont-size:15px;\n}\n<\/style>\n<div  class='av-special-heading av-lw0oa6fa-d729d41b7fc08f1fb9345f0654ffcace av-special-heading-h1 blockquote modern-quote modern-centered  avia-builder-el-2  avia-builder-el-no-sibling'><h1 class='av-special-heading-tag'  itemprop=\"headline\"  >HISTOIRE<\/h1><div class=\"special-heading-border\"><div class=\"special-heading-inner-border\"><\/div><\/div><\/div><\/div>\n\n<style type=\"text\/css\" data-created_by=\"avia_inline_auto\" id=\"style-css-av-110uw-56554c83eff2ebb527c25cc575df1e43\">\n#top .flex_column.av-110uw-56554c83eff2ebb527c25cc575df1e43{\nmargin-top:0px;\nmargin-bottom:75px;\n}\n.responsive #top #wrap_all .flex_column.av-110uw-56554c83eff2ebb527c25cc575df1e43{\nmargin-top:0px;\nmargin-bottom:75px;\n}\n<\/style>\n<div  class='flex_column av-110uw-56554c83eff2ebb527c25cc575df1e43 av_one_full  avia-builder-el-3  el_after_av_one_full  avia-builder-el-last  first flex_column_div  column-top-margin'     ><style type=\"text\/css\" data-created_by=\"avia_inline_auto\" id=\"style-css-sub-av-lyx1dwja-861c450546b9aa395edba21472b8f09c\">\n.avia-timeline-container .av-milestone.av-lyx12a02-f4a23f45f5691d7ac67dce0ce959f4f6 .av-milestone-icon-inner{\nbackground-image:url(https:\/\/schrauben-schmidt.de\/wp-content\/uploads\/2024\/07\/s3.png);\n}\n.avia-timeline-container .av-milestone.av-lyx12a02-9-c8dd13d3a3cd98a0770ae75be55ac3d5 .av-milestone-icon-inner{\nbackground-image:url(https:\/\/schrauben-schmidt.de\/wp-content\/uploads\/2024\/07\/s7.png);\n}\n.avia-timeline-container .av-milestone.av-lyx12a02-8-d84afa9217230be73834db6c03e9da1e .av-milestone-icon-inner{\nbackground-image:url(https:\/\/schrauben-schmidt.de\/wp-content\/uploads\/2024\/07\/s6.png);\n}\n.avia-timeline-container .av-milestone.av-lyx12a02-7-8ff127a68c9699fac01079af362c30d4 .av-milestone-icon-inner{\nbackground-image:url(https:\/\/schrauben-schmidt.de\/wp-content\/uploads\/2024\/07\/s5.png);\n}\n.avia-timeline-container .av-milestone.av-lyx12a02-6-95627afbef52b9e0eba5ad3a1eb29e82 .av-milestone-icon-inner{\nbackground-image:url(https:\/\/schrauben-schmidt.de\/wp-content\/uploads\/2024\/07\/s4.png);\n}\n.avia-timeline-container .av-milestone.av-lyx12a02-4-c52f032447c3ec29db385875bcb2d9c2 .av-milestone-icon-inner{\nbackground-image:url(https:\/\/schrauben-schmidt.de\/wp-content\/uploads\/2024\/07\/s8.png);\n}\n.avia-timeline-container .av-milestone.av-lyx12a02-3-a995fb4747d6cfb5aef1f27561872c6b .av-milestone-icon-inner{\nbackground-image:url(https:\/\/schrauben-schmidt.de\/wp-content\/uploads\/2024\/07\/s2.png);\n}\n.avia-timeline-container .av-milestone.av-lyx12a02-2-7a8cee451d094fcac11ec77a012da949 .av-milestone-icon-inner{\nbackground-image:url(https:\/\/schrauben-schmidt.de\/wp-content\/uploads\/2024\/07\/s1.png);\n}\n<\/style>\n<div  id=\"avia-timeline-1\"  class='avia-timeline-container av-lyx1dwja-861c450546b9aa395edba21472b8f09c av-slideshow-ui  avia-builder-el-4  avia-builder-el-no-sibling' ><ul class='avia-timeline avia-timeline-vertical av-milestone-placement-alternate avia-timeline- avia_animate_when_almost_visible avia-timeline-animate'>\n<li  class='av-milestone av-lyx12a02-f4a23f45f5691d7ac67dce0ce959f4f6 av-animated-generic fade-in av-milestone-valign-baseline av-milestone-odd'><h2 class='av-milestone-date' id='milestone-2024'><strong>2024<span class='av-milestone-indicator'><\/span><\/strong><\/h2><div class=\"av-milestone-icon-wrap\"><span class='av-milestone-icon milestone_icon milestone-icon-hasborder'><span class='av-milestone-icon-inner milestone_inner'>&nbsp;<\/span><\/span><\/div><article class='av-milestone-content-wrap'><div class='av-milestone-contentbox'><header class=\"entry-content-header\"><h4 class='av-milestone-title'>site web<\/h4><\/header><div class='av-milestone-content'><p>Lancement du nouveau site web<\/p>\n<\/div><\/div><footer class='av-milestone-article-footer entry-footer'><\/footer><\/article><\/li>\n<li  class='av-milestone av-lyx12a02-9-c8dd13d3a3cd98a0770ae75be55ac3d5 av-animated-generic fade-in av-milestone-valign-baseline av-milestone-even'><h2 class='av-milestone-date' id='milestone-2022'><strong>2022<span class='av-milestone-indicator'><\/span><\/strong><\/h2><article class='av-milestone-content-wrap'><div class='av-milestone-contentbox'><header class=\"entry-content-header\"><h4 class='av-milestone-title'>Investisseur<\/h4><\/header><div class='av-milestone-content'><p>Entr\u00e9e d'un investisseur exp\u00e9riment\u00e9 en tant que partenaire de croissance solide<\/p>\n<\/div><\/div><footer class='av-milestone-article-footer entry-footer'><\/footer><\/article><div class=\"av-milestone-icon-wrap\"><span class='av-milestone-icon milestone_icon milestone-icon-hasborder'><span class='av-milestone-icon-inner milestone_inner'>&nbsp;<\/span><\/span><\/div><h2 class='av-milestone-date' id='milestone-2022'><strong>2022<span class='av-milestone-indicator'><\/span><\/strong><\/h2><\/li>\n<li  class='av-milestone av-lyx12a02-8-d84afa9217230be73834db6c03e9da1e av-animated-generic fade-in av-milestone-valign-baseline av-milestone-odd'><h2 class='av-milestone-date' id='milestone-2016'><strong>2016<span class='av-milestone-indicator'><\/span><\/strong><\/h2><div class=\"av-milestone-icon-wrap\"><span class='av-milestone-icon milestone_icon milestone-icon-hasborder'><span class='av-milestone-icon-inner milestone_inner'>&nbsp;<\/span><\/span><\/div><article class='av-milestone-content-wrap'><div class='av-milestone-contentbox'><header class=\"entry-content-header\"><h4 class='av-milestone-title'>Extension de l'offre de services<\/h4><\/header><div class='av-milestone-content'><p>gr\u00e2ce \u00e0 notre propre machine d'emballage<\/p>\n<\/div><\/div><footer class='av-milestone-article-footer entry-footer'><\/footer><\/article><\/li>\n<li  class='av-milestone av-lyx12a02-7-8ff127a68c9699fac01079af362c30d4 av-animated-generic fade-in av-milestone-valign-baseline av-milestone-even'><h2 class='av-milestone-date' id='milestone-2012'><strong>2012<span class='av-milestone-indicator'><\/span><\/strong><\/h2><article class='av-milestone-content-wrap'><div class='av-milestone-contentbox'><header class=\"entry-content-header\"><h4 class='av-milestone-title'>Certification ISO<\/h4><\/header><div class='av-milestone-content'><p>L'usine de vis est certifi\u00e9e ISO 9001:2008<\/p>\n<\/div><\/div><footer class='av-milestone-article-footer entry-footer'><\/footer><\/article><div class=\"av-milestone-icon-wrap\"><span class='av-milestone-icon milestone_icon milestone-icon-hasborder'><span class='av-milestone-icon-inner milestone_inner'>&nbsp;<\/span><\/span><\/div><h2 class='av-milestone-date' id='milestone-2012'><strong>2012<span class='av-milestone-indicator'><\/span><\/strong><\/h2><\/li>\n<li  class='av-milestone av-lyx12a02-6-95627afbef52b9e0eba5ad3a1eb29e82 av-animated-generic fade-in av-milestone-valign-baseline av-milestone-odd'><h2 class='av-milestone-date' id='milestone-2001'><strong>2001<span class='av-milestone-indicator'><\/span><\/strong><\/h2><div class=\"av-milestone-icon-wrap\"><span class='av-milestone-icon milestone_icon milestone-icon-hasborder'><span class='av-milestone-icon-inner milestone_inner'>&nbsp;<\/span><\/span><\/div><article class='av-milestone-content-wrap'><div class='av-milestone-contentbox'><header class=\"entry-content-header\"><h4 class='av-milestone-title'>Immeuble de bureaux et de stockage<\/h4><\/header><div class='av-milestone-content'><p>Cr\u00e9ation d'un b\u00e2timent de bureaux et de stockage avec au total &gt;3.000\u33a1 \u00ab auf der L\u00f6bke \u00bb.<\/p>\n<\/div><\/div><footer class='av-milestone-article-footer entry-footer'><\/footer><\/article><\/li>\n<li  class='av-milestone av-lyx12a02-4-c52f032447c3ec29db385875bcb2d9c2 av-animated-generic fade-in av-milestone-valign-baseline av-milestone-even'><h2 class='av-milestone-date' id='milestone-1994'><strong>1994<span class='av-milestone-indicator'><\/span><\/strong><\/h2><article class='av-milestone-content-wrap'><div class='av-milestone-contentbox'><header class=\"entry-content-header\"><h4 class='av-milestone-title'>Extension<\/h4><\/header><div class='av-milestone-content'><p>de la production \u00e0 ~1.620\u33a1<\/p>\n<\/div><\/div><footer class='av-milestone-article-footer entry-footer'><\/footer><\/article><div class=\"av-milestone-icon-wrap\"><span class='av-milestone-icon milestone_icon milestone-icon-hasborder'><span class='av-milestone-icon-inner milestone_inner'>&nbsp;<\/span><\/span><\/div><h2 class='av-milestone-date' id='milestone-1994'><strong>1994<span class='av-milestone-indicator'><\/span><\/strong><\/h2><\/li>\n<li  class='av-milestone av-lyx12a02-3-a995fb4747d6cfb5aef1f27561872c6b av-animated-generic fade-in av-milestone-valign-baseline av-milestone-odd'><h2 class='av-milestone-date' id='milestone-1989'><strong>1989<span class='av-milestone-indicator'><\/span><\/strong><\/h2><div class=\"av-milestone-icon-wrap\"><span class='av-milestone-icon milestone_icon milestone-icon-hasborder'><span class='av-milestone-icon-inner milestone_inner'>&nbsp;<\/span><\/span><\/div><article class='av-milestone-content-wrap'><div class='av-milestone-contentbox'><header class=\"entry-content-header\"><h4 class='av-milestone-title'>D\u00e9m\u00e9nagement<\/h4><\/header><div class='av-milestone-content'><p>de la production dans ~740\u33a1 grand b\u00e2timent \u00ab Auf der L\u00f6bke<\/p>\n<\/div><\/div><footer class='av-milestone-article-footer entry-footer'><\/footer><\/article><\/li>\n<li  class='av-milestone av-lyx12a02-2-7a8cee451d094fcac11ec77a012da949 av-animated-generic fade-in av-milestone-valign-baseline av-milestone-even'><h2 class='av-milestone-date' id='milestone-1946'><strong>1946<span class='av-milestone-indicator'><\/span><\/strong><\/h2><article class='av-milestone-content-wrap'><div class='av-milestone-contentbox'><header class=\"entry-content-header\"><h4 class='av-milestone-title'>Cr\u00e9ation de<\/h4><\/header><div class='av-milestone-content'><p>de l'usine de vis avec b\u00e2timent de production \u00e0 Halver par Josef Schmidt<\/p>\n<\/div><\/div><footer class='av-milestone-article-footer entry-footer'><\/footer><\/article><div class=\"av-milestone-icon-wrap\"><span class='av-milestone-icon milestone_icon milestone-icon-hasborder'><span class='av-milestone-icon-inner milestone_inner'>&nbsp;<\/span><\/span><\/div><h2 class='av-milestone-date' id='milestone-1946'><strong>1946<span class='av-milestone-indicator'><\/span><\/strong><\/h2><\/li>\n<\/ul><\/div><\/div>","protected":false},"excerpt":{"rendered":"","protected":false},"author":4,"featured_media":0,"parent":364,"menu_order":2,"comment_status":"closed","ping_status":"closed","template":"","meta":{"footnotes":""},"class_list":["post-384","page","type-page","status-publish","hentry"],"yoast_head":"<!-- This site is optimized with the Yoast SEO plugin v23.7 - https:\/\/yoast.com\/wordpress\/plugins\/seo\/ -->\n<title>Historie - Schraubenfabrik Schmidt GmbH<\/title>\n<meta name=\"robots\" content=\"index, follow, max-snippet:-1, max-image-preview:large, max-video-preview:-1\" \/>\n<link rel=\"canonical\" href=\"https:\/\/schrauben-schmidt.de\/fr\/unternehmen\/historie\/\" \/>\n<meta property=\"og:locale\" content=\"fr_FR\" \/>\n<meta property=\"og:type\" content=\"article\" \/>\n<meta property=\"og:title\" content=\"Historie - Schraubenfabrik Schmidt GmbH\" \/>\n<meta property=\"og:url\" content=\"https:\/\/schrauben-schmidt.de\/fr\/unternehmen\/historie\/\" \/>\n<meta property=\"og:site_name\" content=\"Schraubenfabrik Schmidt GmbH\" \/>\n<meta property=\"article:modified_time\" content=\"2024-10-28T10:14:32+00:00\" \/>\n<meta name=\"twitter:card\" content=\"summary_large_image\" \/>\n<meta name=\"twitter:label1\" content=\"Dur\u00e9e de lecture estim\u00e9e\" \/>\n\t<meta name=\"twitter:data1\" content=\"1 minute\" \/>\n<script type=\"application\/ld+json\" class=\"yoast-schema-graph\">{\"@context\":\"https:\/\/schema.org\",\"@graph\":[{\"@type\":\"WebPage\",\"@id\":\"https:\/\/schrauben-schmidt.de\/unternehmen\/historie\/\",\"url\":\"https:\/\/schrauben-schmidt.de\/unternehmen\/historie\/\",\"name\":\"Historie - Schraubenfabrik Schmidt GmbH\",\"isPartOf\":{\"@id\":\"https:\/\/schrauben-schmidt.de\/#website\"},\"datePublished\":\"2024-05-22T08:02:48+00:00\",\"dateModified\":\"2024-10-28T10:14:32+00:00\",\"breadcrumb\":{\"@id\":\"https:\/\/schrauben-schmidt.de\/unternehmen\/historie\/#breadcrumb\"},\"inLanguage\":\"fr-FR\",\"potentialAction\":[{\"@type\":\"ReadAction\",\"target\":[\"https:\/\/schrauben-schmidt.de\/unternehmen\/historie\/\"]}]},{\"@type\":\"BreadcrumbList\",\"@id\":\"https:\/\/schrauben-schmidt.de\/unternehmen\/historie\/#breadcrumb\",\"itemListElement\":[{\"@type\":\"ListItem\",\"position\":1,\"name\":\"Startseite\",\"item\":\"https:\/\/schrauben-schmidt.de\/\"},{\"@type\":\"ListItem\",\"position\":2,\"name\":\"Unternehmen\",\"item\":\"https:\/\/schrauben-schmidt.de\/unternehmen\/\"},{\"@type\":\"ListItem\",\"position\":3,\"name\":\"Historie\"}]},{\"@type\":\"WebSite\",\"@id\":\"https:\/\/schrauben-schmidt.de\/#website\",\"url\":\"https:\/\/schrauben-schmidt.de\/\",\"name\":\"Schraubenfabrik Schmidt GmbH\",\"description\":\"DIN-\/ISO-Schrauben und Sonderanfertigungen aus Halver\",\"publisher\":{\"@id\":\"https:\/\/schrauben-schmidt.de\/#organization\"},\"potentialAction\":[{\"@type\":\"SearchAction\",\"target\":{\"@type\":\"EntryPoint\",\"urlTemplate\":\"https:\/\/schrauben-schmidt.de\/?s={search_term_string}\"},\"query-input\":{\"@type\":\"PropertyValueSpecification\",\"valueRequired\":true,\"valueName\":\"search_term_string\"}}],\"inLanguage\":\"fr-FR\"},{\"@type\":\"Organization\",\"@id\":\"https:\/\/schrauben-schmidt.de\/#organization\",\"name\":\"Schraubenfabrik Schmidt GmbH\",\"url\":\"https:\/\/schrauben-schmidt.de\/\",\"logo\":{\"@type\":\"ImageObject\",\"inLanguage\":\"fr-FR\",\"@id\":\"https:\/\/schrauben-schmidt.de\/#\/schema\/logo\/image\/\",\"url\":\"https:\/\/dev.schrauben-schmidt.de\/wp-content\/uploads\/2024\/05\/SFS-logo-INT-coloured-light-background-RGB.png\",\"contentUrl\":\"https:\/\/dev.schrauben-schmidt.de\/wp-content\/uploads\/2024\/05\/SFS-logo-INT-coloured-light-background-RGB.png\",\"width\":1251,\"height\":2084,\"caption\":\"Schraubenfabrik Schmidt GmbH\"},\"image\":{\"@id\":\"https:\/\/schrauben-schmidt.de\/#\/schema\/logo\/image\/\"}}]}<\/script>\n<!-- \/ Yoast SEO plugin. -->","yoast_head_json":{"title":"Historie - Schraubenfabrik Schmidt GmbH","robots":{"index":"index","follow":"follow","max-snippet":"max-snippet:-1","max-image-preview":"max-image-preview:large","max-video-preview":"max-video-preview:-1"},"canonical":"https:\/\/schrauben-schmidt.de\/fr\/unternehmen\/historie\/","og_locale":"fr_FR","og_type":"article","og_title":"Historie - Schraubenfabrik Schmidt GmbH","og_url":"https:\/\/schrauben-schmidt.de\/fr\/unternehmen\/historie\/","og_site_name":"Schraubenfabrik Schmidt GmbH","article_modified_time":"2024-10-28T10:14:32+00:00","twitter_card":"summary_large_image","twitter_misc":{"Dur\u00e9e de lecture estim\u00e9e":"1 minute"},"schema":{"@context":"https:\/\/schema.org","@graph":[{"@type":"WebPage","@id":"https:\/\/schrauben-schmidt.de\/unternehmen\/historie\/","url":"https:\/\/schrauben-schmidt.de\/unternehmen\/historie\/","name":"Historie - Schraubenfabrik Schmidt GmbH","isPartOf":{"@id":"https:\/\/schrauben-schmidt.de\/#website"},"datePublished":"2024-05-22T08:02:48+00:00","dateModified":"2024-10-28T10:14:32+00:00","breadcrumb":{"@id":"https:\/\/schrauben-schmidt.de\/unternehmen\/historie\/#breadcrumb"},"inLanguage":"fr-FR","potentialAction":[{"@type":"ReadAction","target":["https:\/\/schrauben-schmidt.de\/unternehmen\/historie\/"]}]},{"@type":"BreadcrumbList","@id":"https:\/\/schrauben-schmidt.de\/unternehmen\/historie\/#breadcrumb","itemListElement":[{"@type":"ListItem","position":1,"name":"Startseite","item":"https:\/\/schrauben-schmidt.de\/"},{"@type":"ListItem","position":2,"name":"Unternehmen","item":"https:\/\/schrauben-schmidt.de\/unternehmen\/"},{"@type":"ListItem","position":3,"name":"Historie"}]},{"@type":"WebSite","@id":"https:\/\/schrauben-schmidt.de\/#website","url":"https:\/\/schrauben-schmidt.de\/","name":"Schraubenfabrik Schmidt GmbH","description":"DIN-\/ISO-Schrauben und Sonderanfertigungen aus Halver","publisher":{"@id":"https:\/\/schrauben-schmidt.de\/#organization"},"potentialAction":[{"@type":"SearchAction","target":{"@type":"EntryPoint","urlTemplate":"https:\/\/schrauben-schmidt.de\/?s={search_term_string}"},"query-input":{"@type":"PropertyValueSpecification","valueRequired":true,"valueName":"search_term_string"}}],"inLanguage":"fr-FR"},{"@type":"Organization","@id":"https:\/\/schrauben-schmidt.de\/#organization","name":"Schraubenfabrik Schmidt GmbH","url":"https:\/\/schrauben-schmidt.de\/","logo":{"@type":"ImageObject","inLanguage":"fr-FR","@id":"https:\/\/schrauben-schmidt.de\/#\/schema\/logo\/image\/","url":"https:\/\/dev.schrauben-schmidt.de\/wp-content\/uploads\/2024\/05\/SFS-logo-INT-coloured-light-background-RGB.png","contentUrl":"https:\/\/dev.schrauben-schmidt.de\/wp-content\/uploads\/2024\/05\/SFS-logo-INT-coloured-light-background-RGB.png","width":1251,"height":2084,"caption":"Schraubenfabrik Schmidt GmbH"},"image":{"@id":"https:\/\/schrauben-schmidt.de\/#\/schema\/logo\/image\/"}}]}},"_links":{"self":[{"href":"https:\/\/schrauben-schmidt.de\/fr\/wp-json\/wp\/v2\/pages\/384","targetHints":{"allow":["GET"]}}],"collection":[{"href":"https:\/\/schrauben-schmidt.de\/fr\/wp-json\/wp\/v2\/pages"}],"about":[{"href":"https:\/\/schrauben-schmidt.de\/fr\/wp-json\/wp\/v2\/types\/page"}],"author":[{"embeddable":true,"href":"https:\/\/schrauben-schmidt.de\/fr\/wp-json\/wp\/v2\/users\/4"}],"replies":[{"embeddable":true,"href":"https:\/\/schrauben-schmidt.de\/fr\/wp-json\/wp\/v2\/comments?post=384"}],"version-history":[{"count":17,"href":"https:\/\/schrauben-schmidt.de\/fr\/wp-json\/wp\/v2\/pages\/384\/revisions"}],"predecessor-version":[{"id":4475,"href":"https:\/\/schrauben-schmidt.de\/fr\/wp-json\/wp\/v2\/pages\/384\/revisions\/4475"}],"up":[{"embeddable":true,"href":"https:\/\/schrauben-schmidt.de\/fr\/wp-json\/wp\/v2\/pages\/364"}],"wp:attachment":[{"href":"https:\/\/schrauben-schmidt.de\/fr\/wp-json\/wp\/v2\/media?parent=384"}],"curies":[{"name":"wp","href":"https:\/\/api.w.org\/{rel}","templated":true}]}}