{"id":202,"date":"2024-05-10T13:33:27","date_gmt":"2024-05-10T11:33:27","guid":{"rendered":"https:\/\/schrauben-schmidt.de\/?page_id=202"},"modified":"2024-10-23T17:10:51","modified_gmt":"2024-10-23T15:10:51","slug":"kundenstimmen-2","status":"publish","type":"page","link":"https:\/\/schrauben-schmidt.de\/it\/kunden-2\/kundenstimmen-2\/","title":{"rendered":"Testimonianze dei clienti"},"content":{"rendered":"<div id='full_slider_1'  class='avia-fullwidth-slider main_color avia-shadow   avia-builder-el-0  el_before_av_one_full  avia-builder-el-first   container_wrap sidebar_right'  ><div  class='avia-slideshow av-lw0nv783-cdb8804d0e9023af9e86e827d5ef1e71 avia-slideshow-featured av_slideshow_full avia-slide-slider av-slideshow-ui av-control-default av-slideshow-manual av-loop-once av-loop-manual-endless av-default-height-applied   avia-slideshow-1' data-slideshow-options=\"{&quot;animation&quot;:&quot;slide&quot;,&quot;autoplay&quot;:false,&quot;loop_autoplay&quot;:&quot;once&quot;,&quot;interval&quot;:5,&quot;loop_manual&quot;:&quot;manual-endless&quot;,&quot;autoplay_stopper&quot;:false,&quot;noNavigation&quot;:false,&quot;bg_slider&quot;:false,&quot;keep_padding&quot;:false,&quot;hoverpause&quot;:false,&quot;show_slide_delay&quot;:0}\"  itemprop=\"image\" itemscope=\"itemscope\" itemtype=\"https:\/\/schema.org\/ImageObject\" ><ul class='avia-slideshow-inner' style='padding-bottom: 18.333333333333%;'><li  class='avia-slideshow-slide av-lw0nv783-cdb8804d0e9023af9e86e827d5ef1e71__0  av-single-slide slide-1 slide-odd'><div data-rel='slideshow-1' class='avia-slide-wrap'   ><img decoding=\"async\" fetchpriority=\"high\" class=\"wp-image-1745 avia-img-lazy-loading-not-1745\"  src=\"https:\/\/schrauben-schmidt.de\/wp-content\/uploads\/2024\/08\/SFS-Gebaeude-Nacht-edited-1200-220.jpg\" width=\"1200\" height=\"220\" title='SFS-Gebaeude-Nacht-edited-1200-220' alt=''  itemprop=\"thumbnailUrl\" srcset=\"https:\/\/schrauben-schmidt.de\/wp-content\/uploads\/2024\/08\/SFS-Gebaeude-Nacht-edited-1200-220.jpg 1200w, https:\/\/schrauben-schmidt.de\/wp-content\/uploads\/2024\/08\/SFS-Gebaeude-Nacht-edited-1200-220-300x55.jpg 300w, https:\/\/schrauben-schmidt.de\/wp-content\/uploads\/2024\/08\/SFS-Gebaeude-Nacht-edited-1200-220-1030x189.jpg 1030w, https:\/\/schrauben-schmidt.de\/wp-content\/uploads\/2024\/08\/SFS-Gebaeude-Nacht-edited-1200-220-768x141.jpg 768w, https:\/\/schrauben-schmidt.de\/wp-content\/uploads\/2024\/08\/SFS-Gebaeude-Nacht-edited-1200-220-705x129.jpg 705w\" sizes=\"(max-width: 1200px) 100vw, 1200px\" \/><\/div><\/li><\/ul><\/div><\/div><div id='after_full_slider_1'  class='main_color av_default_container_wrap container_wrap sidebar_right'  ><div class='container av-section-cont-open' ><div class='template-page content  av-content-small alpha units'><div class='post-entry post-entry-type-page post-entry-202'><div class='entry-content-wrapper clearfix'>\n\n<style type=\"text\/css\" data-created_by=\"avia_inline_auto\" id=\"style-css-av-10ijgi-16ea1a8ac1f39f5736359a7802137ed9\">\n#top .flex_column.av-10ijgi-16ea1a8ac1f39f5736359a7802137ed9{\nmargin-top:30px;\nmargin-bottom:0px;\n}\n.responsive #top #wrap_all .flex_column.av-10ijgi-16ea1a8ac1f39f5736359a7802137ed9{\nmargin-top:30px;\nmargin-bottom:0px;\n}\n<\/style>\n<div  class='flex_column av-10ijgi-16ea1a8ac1f39f5736359a7802137ed9 av_one_full  avia-builder-el-1  el_after_av_slideshow_full  el_before_av_one_third  avia-builder-el-first  first flex_column_div'     ><style type=\"text\/css\" data-created_by=\"avia_inline_auto\" id=\"style-css-av-lw0o36lr-585ae10dcfc23b7f92d631fb71f2363c\">\n#top .av-special-heading.av-lw0o36lr-585ae10dcfc23b7f92d631fb71f2363c{\nmargin:75px 0 0 0;\npadding-bottom:10px;\n}\nbody .av-special-heading.av-lw0o36lr-585ae10dcfc23b7f92d631fb71f2363c .av-special-heading-tag .heading-char{\nfont-size:25px;\n}\n.av-special-heading.av-lw0o36lr-585ae10dcfc23b7f92d631fb71f2363c .av-subheading{\nfont-size:15px;\n}\n<\/style>\n<div  class='av-special-heading av-lw0o36lr-585ae10dcfc23b7f92d631fb71f2363c av-special-heading-h1 blockquote modern-quote modern-centered  avia-builder-el-2  avia-builder-el-no-sibling'><h1 class='av-special-heading-tag'  itemprop=\"headline\"  >OPINIONI DEI CLIENTI<\/h1><div class=\"special-heading-border\"><div class=\"special-heading-inner-border\"><\/div><\/div><\/div><\/div>\n<div  class='flex_column av-13xr9-3730ff71d054b48c0b733197e611b22f av_one_third  avia-builder-el-3  el_after_av_one_full  el_before_av_one_third  first flex_column_div  column-top-margin'     ><p>\n<style type=\"text\/css\" data-created_by=\"avia_inline_auto\" id=\"style-css-av-lzh0rhh6-4111e1033c895336e027e9dbc197f42c\">\n.avia-image-container.av-lzh0rhh6-4111e1033c895336e027e9dbc197f42c img.avia_image{\nbox-shadow:none;\n}\n.avia-image-container.av-lzh0rhh6-4111e1033c895336e027e9dbc197f42c .av-image-caption-overlay-center{\ncolor:#ffffff;\n}\n<\/style>\n<div  class='avia-image-container av-lzh0rhh6-4111e1033c895336e027e9dbc197f42c av-styling- av-img-linked avia-align-center  avia-builder-el-4  el_before_av_textblock  avia-builder-el-first'   itemprop=\"image\" itemscope=\"itemscope\" itemtype=\"https:\/\/schema.org\/ImageObject\" ><div class=\"avia-image-container-inner\"><div class=\"avia-image-overlay-wrap\"><a href=\"https:\/\/www.wuerth.de\/\" class='avia_image' target=\"_blank\" rel=\"noopener noreferrer\" aria-label='wuerth'><img decoding=\"async\" fetchpriority=\"high\" class='wp-image-3976 avia-img-lazy-loading-not-3976 avia_image' src=\"https:\/\/schrauben-schmidt.de\/wp-content\/uploads\/2024\/09\/wuerth-1.png\" alt='' title='wuerth'  height=\"80\" width=\"240\"  itemprop=\"thumbnailUrl\"  \/><\/a><\/div><\/div><\/div><br \/>\n<section  class='av_textblock_section av-lw0o42kw-d722cbf6bffaed2f3a4581da8f72c1b0'   itemscope=\"itemscope\" itemtype=\"https:\/\/schema.org\/CreativeWork\" ><div class='avia_textblock'  itemprop=\"text\" ><h3><\/h3>\n<h3><br class=\"avia-permanent-lb\" \/>Linda Zuck - Acquisti - W\u00fcrth Industrie Service GmbH &amp; Co. KG:<\/h3>\n<p>\u201cIl nostro apprezzato fornitore Schraubenfabrik Schmidt non \u00e8 solo un partner affidabile, ma anche un vero e proprio punto di riferimento per l'eccellente qualit\u00e0 e l'ottimo servizio. I loro prodotti e il loro supporto sono stati fondamentali per aumentare il nostro successo e soddisfare i nostri clienti. Siamo orgogliosi di lavorare con Schraubenfabrik e apprezziamo l'eccezionale partnership che abbiamo costruito nel corso degli anni\u201d.<\/p>\n<\/div><\/section><\/p><\/div><div  class='flex_column av-z087m-861bfd3e911a5002609aecaba2a8acbb av_one_third  avia-builder-el-6  el_after_av_one_third  el_before_av_one_third  flex_column_div  column-top-margin'     ><p>\n<style type=\"text\/css\" data-created_by=\"avia_inline_auto\" id=\"style-css-av-lzh0us1s-3fb97358ea77ec6f26d7f94b237a943c\">\n.avia-image-container.av-lzh0us1s-3fb97358ea77ec6f26d7f94b237a943c img.avia_image{\nbox-shadow:none;\n}\n.avia-image-container.av-lzh0us1s-3fb97358ea77ec6f26d7f94b237a943c .av-image-caption-overlay-center{\ncolor:#ffffff;\n}\n<\/style>\n<div  class='avia-image-container av-lzh0us1s-3fb97358ea77ec6f26d7f94b237a943c av-styling- av-img-linked avia-align-center  avia-builder-el-7  el_before_av_textblock  avia-builder-el-first'   itemprop=\"image\" itemscope=\"itemscope\" itemtype=\"https:\/\/schema.org\/ImageObject\" ><div class=\"avia-image-container-inner\"><div class=\"avia-image-overlay-wrap\"><a href=\"https:\/\/www.boellhoff.com\/de-de\/\" class='avia_image' target=\"_blank\" rel=\"noopener noreferrer\" aria-label='Boellhoff_1'><img decoding=\"async\" fetchpriority=\"high\" class='wp-image-3944 avia-img-lazy-loading-not-3944 avia_image' src=\"https:\/\/schrauben-schmidt.de\/wp-content\/uploads\/2024\/09\/Boellhoff_1-1.png\" alt='' title='Boellhoff_1'  height=\"80\" width=\"240\"  itemprop=\"thumbnailUrl\"  \/><\/a><\/div><\/div><\/div><br \/>\n<section  class='av_textblock_section av-lw0o4uxs-7f0b49edb083ed47802a038a67787424'   itemscope=\"itemscope\" itemtype=\"https:\/\/schema.org\/CreativeWork\" ><div class='avia_textblock'  itemprop=\"text\" ><h3><\/h3>\n<h3><br class=\"avia-permanent-lb\" \/>Fabian Mahler - Acquisti operativi - B\u00f6llhoff GmbH:<\/h3>\n<p><br class=\"avia-permanent-lb\" \/>\u201cSchraubenfabrik Schmidt \u00e8 un partner molto affidabile e apprezzato da molti anni. Oltre all'altissima qualit\u00e0 dei prodotti, apprezziamo particolarmente la flessibilit\u00e0 che hanno dimostrato in diverse occasioni. Ad esempio, Schraubenfabrik Schmidt \u00e8 stata in grado di rilevare la consegna a uno dei nostri clienti Kanban entro una settimana e di colmare ulteriori lacune con breve preavviso quando una consegna dall'Asia non ci \u00e8 arrivata.\u201d<\/p>\n<\/div><\/section><\/p><\/div><div  class='flex_column av-px04a-75fe423ec3c5c6148a61a6ee87f55537 av_one_third  avia-builder-el-9  el_after_av_one_third  el_before_av_one_third  flex_column_div  column-top-margin'     ><p>\n<style type=\"text\/css\" data-created_by=\"avia_inline_auto\" id=\"style-css-av-lzh0v6pm-dae396053afbc320bdf630dae1b22e21\">\n.avia-image-container.av-lzh0v6pm-dae396053afbc320bdf630dae1b22e21 img.avia_image{\nbox-shadow:none;\n}\n.avia-image-container.av-lzh0v6pm-dae396053afbc320bdf630dae1b22e21 .av-image-caption-overlay-center{\ncolor:#ffffff;\n}\n<\/style>\n<div  class='avia-image-container av-lzh0v6pm-dae396053afbc320bdf630dae1b22e21 av-styling- av-img-linked avia-align-center  avia-builder-el-10  el_before_av_textblock  avia-builder-el-first'   itemprop=\"image\" itemscope=\"itemscope\" itemtype=\"https:\/\/schema.org\/ImageObject\" ><div class=\"avia-image-container-inner\"><div class=\"avia-image-overlay-wrap\"><a href=\"https:\/\/www.suki.com\/\" class='avia_image' target=\"_blank\" rel=\"noopener noreferrer\" aria-label='suki'><img decoding=\"async\" fetchpriority=\"high\" class='wp-image-3971 avia-img-lazy-loading-not-3971 avia_image' src=\"https:\/\/schrauben-schmidt.de\/wp-content\/uploads\/2024\/09\/suki.png\" alt='' title='suki'  height=\"80\" width=\"240\"  itemprop=\"thumbnailUrl\"  \/><\/a><\/div><\/div><\/div><br \/>\n<section  class='av_textblock_section av-lw0o6j9h-7e79253d0f34f3376dd1a2112dabdd6f'   itemscope=\"itemscope\" itemtype=\"https:\/\/schema.org\/CreativeWork\" ><div class='avia_textblock'  itemprop=\"text\" ><h3><\/h3>\n<h3><br class=\"avia-permanent-lb\" \/>Thomas Kronz - Acquirente di categoria - suki.international GmbH:<\/h3>\n<p>\u201cLavoriamo con Schraubenfabrik Schmidt da decenni e siamo molto soddisfatti dei loro prodotti. Offrono buoni prezzi e una qualit\u00e0 di prima classe. Apprezziamo la rapidit\u00e0 con cui elaborano le richieste e i brevi tempi di consegna. Non possiamo che raccomandare la Schraubenfabrik Schmidt e ci auguriamo di continuare la nostra proficua collaborazione\u201d.<\/p>\n<\/div><\/section><\/p><\/div><div  class='flex_column av-k8w4i-d0f9578ae565703978bb6cba3962e0a6 av_one_third  avia-builder-el-12  el_after_av_one_third  el_before_av_one_third  first flex_column_div  column-top-margin'     ><p>\n<style type=\"text\/css\" data-created_by=\"avia_inline_auto\" id=\"style-css-av-lzh0vjc9-68835be54499281eb716a17cfb66fa74\">\n.avia-image-container.av-lzh0vjc9-68835be54499281eb716a17cfb66fa74 img.avia_image{\nbox-shadow:none;\n}\n.avia-image-container.av-lzh0vjc9-68835be54499281eb716a17cfb66fa74 .av-image-caption-overlay-center{\ncolor:#ffffff;\n}\n<\/style>\n<div  class='avia-image-container av-lzh0vjc9-68835be54499281eb716a17cfb66fa74 av-styling- av-img-linked avia-align-center  avia-builder-el-13  el_before_av_textblock  avia-builder-el-first'   itemprop=\"image\" itemscope=\"itemscope\" itemtype=\"https:\/\/schema.org\/ImageObject\" ><div class=\"avia-image-container-inner\"><div class=\"avia-image-overlay-wrap\"><a href=\"https:\/\/www.schrauben.de\/\" class='avia_image' target=\"_blank\" rel=\"noopener noreferrer\" aria-label='KPO'><img decoding=\"async\" fetchpriority=\"high\" class='wp-image-3961 avia-img-lazy-loading-not-3961 avia_image' src=\"https:\/\/schrauben-schmidt.de\/wp-content\/uploads\/2024\/09\/KPO-1.png\" alt='' title='KPO'  height=\"80\" width=\"240\"  itemprop=\"thumbnailUrl\"  \/><\/a><\/div><\/div><\/div><br \/>\n<section  class='av_textblock_section av-lw0o7tcl-c1e4a2bc5624a914bd847e7fda4a82fb'   itemscope=\"itemscope\" itemtype=\"https:\/\/schema.org\/CreativeWork\" ><div class='avia_textblock'  itemprop=\"text\" ><h3><\/h3>\n<h3><br class=\"avia-permanent-lb\" \/>Patrick Molitor - Responsabile acquisti - KPO Viti und parti standart GmbH:<\/h3>\n<p>\u201cLa partnership trentennale tra KPO e Schmidt ha contribuito al successo di entrambe le aziende. Soprattutto in tempi difficili, quando molte catene di fornitura non funzionavano pi\u00f9, abbiamo potuto contare sulla Schraubenfabrik Schmidt. Apprezziamo il rapporto commerciale e speriamo in molti altri anni di successo insieme\u201d.<\/p>\n<\/div><\/section><\/p><\/div><div  class='flex_column av-hivkq-101b1d0789ad3fb3b9d7a4ed11534007 av_one_third  avia-builder-el-15  el_after_av_one_third  el_before_av_one_third  flex_column_div  column-top-margin'     ><p>\n<style type=\"text\/css\" data-created_by=\"avia_inline_auto\" id=\"style-css-av-lzh0u2zw-43fc4b3a874c1de9f854655753a3be6b\">\n.avia-image-container.av-lzh0u2zw-43fc4b3a874c1de9f854655753a3be6b img.avia_image{\nbox-shadow:none;\n}\n.avia-image-container.av-lzh0u2zw-43fc4b3a874c1de9f854655753a3be6b .av-image-caption-overlay-center{\ncolor:#ffffff;\n}\n<\/style>\n<div  class='avia-image-container av-lzh0u2zw-43fc4b3a874c1de9f854655753a3be6b av-styling- av-img-linked avia-align-center  avia-builder-el-16  el_before_av_textblock  avia-builder-el-first'   itemprop=\"image\" itemscope=\"itemscope\" itemtype=\"https:\/\/schema.org\/ImageObject\" ><div class=\"avia-image-container-inner\"><div class=\"avia-image-overlay-wrap\"><a href=\"https:\/\/www.dresselhaus.de\/\" class='avia_image' target=\"_blank\" rel=\"noopener noreferrer\" aria-label='Dresselhaus'><img decoding=\"async\" fetchpriority=\"high\" class='wp-image-3951 avia-img-lazy-loading-not-3951 avia_image' src=\"https:\/\/schrauben-schmidt.de\/wp-content\/uploads\/2024\/09\/Dresselhaus-1.png\" alt='' title='Dresselhaus'  height=\"80\" width=\"240\"  itemprop=\"thumbnailUrl\"  \/><\/a><\/div><\/div><\/div><br \/>\n<section  class='av_textblock_section av-lw0o8meu-e3b40ec7ff4037934735df77572cc4e8'   itemscope=\"itemscope\" itemtype=\"https:\/\/schema.org\/CreativeWork\" ><div class='avia_textblock'  itemprop=\"text\" ><h3><\/h3>\n<h3><br class=\"avia-permanent-lb\" \/>Maik Steffen - Jefe de equipo de Compras - Joseph Dresselhaus GmbH &amp; Co. KG:<\/h3>\n<p>\u201cCi\u00f2 che apprezziamo particolarmente della Schraubenfabrik Schmidt sono i tempi di risposta rapidi, l'affidabilit\u00e0 in termini di consegna e qualit\u00e0, nonch\u00e9 la rapidit\u00e0 di elaborazione in caso di reclami, il tutto a condizioni interessanti\u201d.<\/p>\n<\/div><\/section><\/p><\/div><div  class='flex_column av-bsika-014c7629a98aabe48631015e4eb90378 av_one_third  avia-builder-el-18  el_after_av_one_third  el_before_av_hr  flex_column_div  column-top-margin'     ><\/div><\/p>\n\n<style type=\"text\/css\" data-created_by=\"avia_inline_auto\" id=\"style-css-av-lxgbdc8s-061ab80d2eee1c9d228d7ca9a67824e4\">\n#top .hr.hr-invisible.av-lxgbdc8s-061ab80d2eee1c9d228d7ca9a67824e4{\nheight:100px;\n}\n<\/style>\n<div  class='hr av-lxgbdc8s-061ab80d2eee1c9d228d7ca9a67824e4 hr-invisible  avia-builder-el-19  el_after_av_one_third  avia-builder-el-last'><span class='hr-inner'><span class=\"hr-inner-style\"><\/span><\/span><\/div>","protected":false},"excerpt":{"rendered":"","protected":false},"author":4,"featured_media":0,"parent":200,"menu_order":0,"comment_status":"closed","ping_status":"closed","template":"","meta":{"footnotes":""},"class_list":["post-202","page","type-page","status-publish","hentry"],"yoast_head":"<!-- This site is optimized with the Yoast SEO plugin v23.7 - https:\/\/yoast.com\/wordpress\/plugins\/seo\/ -->\n<title>Kundenstimmen - Schraubenfabrik Schmidt GmbH<\/title>\n<meta name=\"robots\" content=\"index, follow, max-snippet:-1, max-image-preview:large, max-video-preview:-1\" \/>\n<link rel=\"canonical\" href=\"https:\/\/schrauben-schmidt.de\/it\/kunden-2\/kundenstimmen-2\/\" \/>\n<meta property=\"og:locale\" content=\"it_IT\" \/>\n<meta property=\"og:type\" content=\"article\" \/>\n<meta property=\"og:title\" content=\"Kundenstimmen - Schraubenfabrik Schmidt GmbH\" \/>\n<meta property=\"og:url\" content=\"https:\/\/schrauben-schmidt.de\/it\/kunden-2\/kundenstimmen-2\/\" \/>\n<meta property=\"og:site_name\" content=\"Schraubenfabrik Schmidt GmbH\" \/>\n<meta property=\"article:modified_time\" content=\"2024-10-23T15:10:51+00:00\" \/>\n<meta name=\"twitter:card\" content=\"summary_large_image\" \/>\n<meta name=\"twitter:label1\" content=\"Tempo di lettura stimato\" \/>\n\t<meta name=\"twitter:data1\" content=\"3 minuti\" \/>\n<script type=\"application\/ld+json\" class=\"yoast-schema-graph\">{\"@context\":\"https:\/\/schema.org\",\"@graph\":[{\"@type\":\"WebPage\",\"@id\":\"https:\/\/schrauben-schmidt.de\/kunden-2\/kundenstimmen-2\/\",\"url\":\"https:\/\/schrauben-schmidt.de\/kunden-2\/kundenstimmen-2\/\",\"name\":\"Kundenstimmen - Schraubenfabrik Schmidt GmbH\",\"isPartOf\":{\"@id\":\"https:\/\/schrauben-schmidt.de\/#website\"},\"datePublished\":\"2024-05-10T11:33:27+00:00\",\"dateModified\":\"2024-10-23T15:10:51+00:00\",\"breadcrumb\":{\"@id\":\"https:\/\/schrauben-schmidt.de\/kunden-2\/kundenstimmen-2\/#breadcrumb\"},\"inLanguage\":\"it-IT\",\"potentialAction\":[{\"@type\":\"ReadAction\",\"target\":[\"https:\/\/schrauben-schmidt.de\/kunden-2\/kundenstimmen-2\/\"]}]},{\"@type\":\"BreadcrumbList\",\"@id\":\"https:\/\/schrauben-schmidt.de\/kunden-2\/kundenstimmen-2\/#breadcrumb\",\"itemListElement\":[{\"@type\":\"ListItem\",\"position\":1,\"name\":\"Startseite\",\"item\":\"https:\/\/schrauben-schmidt.de\/\"},{\"@type\":\"ListItem\",\"position\":2,\"name\":\"Kunden\",\"item\":\"https:\/\/schrauben-schmidt.de\/kunden-2\/\"},{\"@type\":\"ListItem\",\"position\":3,\"name\":\"Kundenstimmen\"}]},{\"@type\":\"WebSite\",\"@id\":\"https:\/\/schrauben-schmidt.de\/#website\",\"url\":\"https:\/\/schrauben-schmidt.de\/\",\"name\":\"Schraubenfabrik Schmidt GmbH\",\"description\":\"DIN-\/ISO-Schrauben und Sonderanfertigungen aus Halver\",\"publisher\":{\"@id\":\"https:\/\/schrauben-schmidt.de\/#organization\"},\"potentialAction\":[{\"@type\":\"SearchAction\",\"target\":{\"@type\":\"EntryPoint\",\"urlTemplate\":\"https:\/\/schrauben-schmidt.de\/?s={search_term_string}\"},\"query-input\":{\"@type\":\"PropertyValueSpecification\",\"valueRequired\":true,\"valueName\":\"search_term_string\"}}],\"inLanguage\":\"it-IT\"},{\"@type\":\"Organization\",\"@id\":\"https:\/\/schrauben-schmidt.de\/#organization\",\"name\":\"Schraubenfabrik Schmidt GmbH\",\"url\":\"https:\/\/schrauben-schmidt.de\/\",\"logo\":{\"@type\":\"ImageObject\",\"inLanguage\":\"it-IT\",\"@id\":\"https:\/\/schrauben-schmidt.de\/#\/schema\/logo\/image\/\",\"url\":\"https:\/\/dev.schrauben-schmidt.de\/wp-content\/uploads\/2024\/05\/SFS-logo-INT-coloured-light-background-RGB.png\",\"contentUrl\":\"https:\/\/dev.schrauben-schmidt.de\/wp-content\/uploads\/2024\/05\/SFS-logo-INT-coloured-light-background-RGB.png\",\"width\":1251,\"height\":2084,\"caption\":\"Schraubenfabrik Schmidt GmbH\"},\"image\":{\"@id\":\"https:\/\/schrauben-schmidt.de\/#\/schema\/logo\/image\/\"}}]}<\/script>\n<!-- \/ Yoast SEO plugin. -->","yoast_head_json":{"title":"Kundenstimmen - Schraubenfabrik Schmidt GmbH","robots":{"index":"index","follow":"follow","max-snippet":"max-snippet:-1","max-image-preview":"max-image-preview:large","max-video-preview":"max-video-preview:-1"},"canonical":"https:\/\/schrauben-schmidt.de\/it\/kunden-2\/kundenstimmen-2\/","og_locale":"it_IT","og_type":"article","og_title":"Kundenstimmen - Schraubenfabrik Schmidt GmbH","og_url":"https:\/\/schrauben-schmidt.de\/it\/kunden-2\/kundenstimmen-2\/","og_site_name":"Schraubenfabrik Schmidt GmbH","article_modified_time":"2024-10-23T15:10:51+00:00","twitter_card":"summary_large_image","twitter_misc":{"Tempo di lettura stimato":"3 minuti"},"schema":{"@context":"https:\/\/schema.org","@graph":[{"@type":"WebPage","@id":"https:\/\/schrauben-schmidt.de\/kunden-2\/kundenstimmen-2\/","url":"https:\/\/schrauben-schmidt.de\/kunden-2\/kundenstimmen-2\/","name":"Kundenstimmen - Schraubenfabrik Schmidt GmbH","isPartOf":{"@id":"https:\/\/schrauben-schmidt.de\/#website"},"datePublished":"2024-05-10T11:33:27+00:00","dateModified":"2024-10-23T15:10:51+00:00","breadcrumb":{"@id":"https:\/\/schrauben-schmidt.de\/kunden-2\/kundenstimmen-2\/#breadcrumb"},"inLanguage":"it-IT","potentialAction":[{"@type":"ReadAction","target":["https:\/\/schrauben-schmidt.de\/kunden-2\/kundenstimmen-2\/"]}]},{"@type":"BreadcrumbList","@id":"https:\/\/schrauben-schmidt.de\/kunden-2\/kundenstimmen-2\/#breadcrumb","itemListElement":[{"@type":"ListItem","position":1,"name":"Startseite","item":"https:\/\/schrauben-schmidt.de\/"},{"@type":"ListItem","position":2,"name":"Kunden","item":"https:\/\/schrauben-schmidt.de\/kunden-2\/"},{"@type":"ListItem","position":3,"name":"Kundenstimmen"}]},{"@type":"WebSite","@id":"https:\/\/schrauben-schmidt.de\/#website","url":"https:\/\/schrauben-schmidt.de\/","name":"Schraubenfabrik Schmidt GmbH","description":"DIN-\/ISO-Schrauben und Sonderanfertigungen aus Halver","publisher":{"@id":"https:\/\/schrauben-schmidt.de\/#organization"},"potentialAction":[{"@type":"SearchAction","target":{"@type":"EntryPoint","urlTemplate":"https:\/\/schrauben-schmidt.de\/?s={search_term_string}"},"query-input":{"@type":"PropertyValueSpecification","valueRequired":true,"valueName":"search_term_string"}}],"inLanguage":"it-IT"},{"@type":"Organization","@id":"https:\/\/schrauben-schmidt.de\/#organization","name":"Schraubenfabrik Schmidt GmbH","url":"https:\/\/schrauben-schmidt.de\/","logo":{"@type":"ImageObject","inLanguage":"it-IT","@id":"https:\/\/schrauben-schmidt.de\/#\/schema\/logo\/image\/","url":"https:\/\/dev.schrauben-schmidt.de\/wp-content\/uploads\/2024\/05\/SFS-logo-INT-coloured-light-background-RGB.png","contentUrl":"https:\/\/dev.schrauben-schmidt.de\/wp-content\/uploads\/2024\/05\/SFS-logo-INT-coloured-light-background-RGB.png","width":1251,"height":2084,"caption":"Schraubenfabrik Schmidt GmbH"},"image":{"@id":"https:\/\/schrauben-schmidt.de\/#\/schema\/logo\/image\/"}}]}},"_links":{"self":[{"href":"https:\/\/schrauben-schmidt.de\/it\/wp-json\/wp\/v2\/pages\/202","targetHints":{"allow":["GET"]}}],"collection":[{"href":"https:\/\/schrauben-schmidt.de\/it\/wp-json\/wp\/v2\/pages"}],"about":[{"href":"https:\/\/schrauben-schmidt.de\/it\/wp-json\/wp\/v2\/types\/page"}],"author":[{"embeddable":true,"href":"https:\/\/schrauben-schmidt.de\/it\/wp-json\/wp\/v2\/users\/4"}],"replies":[{"embeddable":true,"href":"https:\/\/schrauben-schmidt.de\/it\/wp-json\/wp\/v2\/comments?post=202"}],"version-history":[{"count":31,"href":"https:\/\/schrauben-schmidt.de\/it\/wp-json\/wp\/v2\/pages\/202\/revisions"}],"predecessor-version":[{"id":4394,"href":"https:\/\/schrauben-schmidt.de\/it\/wp-json\/wp\/v2\/pages\/202\/revisions\/4394"}],"up":[{"embeddable":true,"href":"https:\/\/schrauben-schmidt.de\/it\/wp-json\/wp\/v2\/pages\/200"}],"wp:attachment":[{"href":"https:\/\/schrauben-schmidt.de\/it\/wp-json\/wp\/v2\/media?parent=202"}],"curies":[{"name":"wp","href":"https:\/\/api.w.org\/{rel}","templated":true}]}}